{"id":210,"date":"2010-01-15T18:55:52","date_gmt":"2010-01-15T22:55:52","guid":{"rendered":"http:\/\/leahyinstitute.org\/?page_id=210"},"modified":"2010-01-15T20:12:37","modified_gmt":"2010-01-16T00:12:37","slug":"poeme-hommage-a-jacques-brel","status":"publish","type":"page","link":"https:\/\/leahyinstitute.org\/?page_id=210","title":{"rendered":"Po\u00e8me Hommage a Jacques Brel"},"content":{"rendered":"<p>Po\u00e8me Hommage a Jacques Brel<\/p>\n<p>Ca fait d\u00e9j\u00e0 longtemps<\/p>\n<p>Que tu nous a quitte<\/p>\n<p>Pour retrouver Fernand<\/p>\n<p>Dans son \u00e9ternit\u00e9<\/p>\n<p>Tu sais que Madeleine<\/p>\n<p>Elle a eu des enfants<\/p>\n<p>Elle vie a Bruxelles<\/p>\n<p>Et pense a toi souvent<\/p>\n<p>J&#8217;ai rencontre Mathilde<\/p>\n<p>Qui jouait les grandes dames<\/p>\n<p>Mais que faisait Mathilde<\/p>\n<p>Dans le port d&#8217;Amsterdam<\/p>\n<p>Tu vois grand Jacques,<\/p>\n<p>Depuis que t&#8217;es parti<\/p>\n<p>Les bonbons dans mon sac<\/p>\n<p>Ont un go\u00fbt de moisi<\/p>\n<p>J&#8217;ai vu ton plat pays<\/p>\n<p>Traverse de canneaux<\/p>\n<p>Qui passe du vert au gris,<\/p>\n<p>C&#8217;est toujours aussi beau<\/p>\n<p>Les p\u00e9niches dans la brume<\/p>\n<p>S&#8217;y glissent lentement<\/p>\n<p>Emportant sur l&#8217;\u00e9cume<\/p>\n<p>Leur lourd chargement<\/p>\n<p>Je pense a toi souvent,<\/p>\n<p>Assis devant ma Gueuse<\/p>\n<p>Toi qui dort sous le vent<\/p>\n<p>Des Marquises amoureuses<\/p>\n<p>Jeanlouis<\/p>\n","protected":false},"excerpt":{"rendered":"<p>Po\u00e8me Hommage a Jacques Brel Ca fait d\u00e9j\u00e0 longtemps Que tu nous a quitte Pour retrouver Fernand Dans son \u00e9ternit\u00e9 Tu sais que Madeleine Elle a eu des enfants Elle vie a Bruxelles Et pense a toi souvent J&#8217;ai rencontre Mathilde Qui jouait les grandes dames Mais que faisait Mathilde Dans le port d&#8217;Amsterdam Tu [&hellip;]<\/p>\n","protected":false},"author":266,"featured_media":0,"parent":219,"menu_order":0,"comment_status":"open","ping_status":"open","template":"","meta":{"footnotes":""},"class_list":["post-210","page","type-page","status-publish","hentry"],"_links":{"self":[{"href":"https:\/\/leahyinstitute.org\/index.php?rest_route=\/wp\/v2\/pages\/210","targetHints":{"allow":["GET"]}}],"collection":[{"href":"https:\/\/leahyinstitute.org\/index.php?rest_route=\/wp\/v2\/pages"}],"about":[{"href":"https:\/\/leahyinstitute.org\/index.php?rest_route=\/wp\/v2\/types\/page"}],"author":[{"embeddable":true,"href":"https:\/\/leahyinstitute.org\/index.php?rest_route=\/wp\/v2\/users\/266"}],"replies":[{"embeddable":true,"href":"https:\/\/leahyinstitute.org\/index.php?rest_route=%2Fwp%2Fv2%2Fcomments&post=210"}],"version-history":[{"count":3,"href":"https:\/\/leahyinstitute.org\/index.php?rest_route=\/wp\/v2\/pages\/210\/revisions"}],"predecessor-version":[{"id":212,"href":"https:\/\/leahyinstitute.org\/index.php?rest_route=\/wp\/v2\/pages\/210\/revisions\/212"}],"up":[{"embeddable":true,"href":"https:\/\/leahyinstitute.org\/index.php?rest_route=\/wp\/v2\/pages\/219"}],"wp:attachment":[{"href":"https:\/\/leahyinstitute.org\/index.php?rest_route=%2Fwp%2Fv2%2Fmedia&parent=210"}],"curies":[{"name":"wp","href":"https:\/\/api.w.org\/{rel}","templated":true}]}}